{"id":15,"date":"2024-05-14T17:13:33","date_gmt":"2024-05-14T17:13:33","guid":{"rendered":"https:\/\/mystifying-goldberg.92-205-128-223.plesk.page\/?page_id=15"},"modified":"2025-06-27T14:01:29","modified_gmt":"2025-06-27T14:01:29","slug":"strategieplanung","status":"publish","type":"page","link":"https:\/\/mystifying-goldberg.92-205-128-223.plesk.page\/index.php\/strategieplanung\/","title":{"rendered":"Strategieplanung"},"content":{"rendered":"\n<div class=\"wp-block-columns links-home customsection is-layout-flex wp-container-core-columns-is-layout-e0e4babd wp-block-columns-is-layout-flex\" style=\"padding-right:0;padding-left:0\">\n<div class=\"wp-block-column is-layout-flow wp-container-core-column-is-layout-3d3ccf45 wp-block-column-is-layout-flow\" style=\"padding-top:var(--wp--preset--spacing--10);padding-bottom:var(--wp--preset--spacing--10);flex-basis:26.67%\">\n<p style=\"font-size:clamp(1.25rem, 1.25rem + ((1vw - 0.2rem) * 1.25), 2rem);font-style:normal;font-weight:600\">Strategie<\/p>\n\n\n\n<p>Die Zukunft im Visier<\/p>\n\n\n\n<div style=\"height:40px\" aria-hidden=\"true\" class=\"wp-block-spacer\"><\/div>\n\n\n\n<figure class=\"wp-block-image size-large is-resized\"><img loading=\"lazy\" decoding=\"async\" width=\"1024\" height=\"728\" src=\"https:\/\/mystifying-goldberg.92-205-128-223.plesk.page\/wp-content\/uploads\/2024\/05\/Grafiken-Homepage_Kreise_1-1024x728.jpg\" alt=\"\" class=\"wp-image-229\" style=\"width:150px\" srcset=\"https:\/\/mystifying-goldberg.92-205-128-223.plesk.page\/wp-content\/uploads\/2024\/05\/Grafiken-Homepage_Kreise_1-1024x728.jpg 1024w, https:\/\/mystifying-goldberg.92-205-128-223.plesk.page\/wp-content\/uploads\/2024\/05\/Grafiken-Homepage_Kreise_1-300x213.jpg 300w, https:\/\/mystifying-goldberg.92-205-128-223.plesk.page\/wp-content\/uploads\/2024\/05\/Grafiken-Homepage_Kreise_1-768x546.jpg 768w, https:\/\/mystifying-goldberg.92-205-128-223.plesk.page\/wp-content\/uploads\/2024\/05\/Grafiken-Homepage_Kreise_1.jpg 1417w\" sizes=\"auto, (max-width: 1024px) 100vw, 1024px\" \/><\/figure>\n<\/div>\n\n\n\n<div class=\"wp-block-column is-layout-flow wp-block-column-is-layout-flow\" style=\"padding-top:23px;padding-bottom:23px;flex-basis:50%\">\n<p>Strategie muss gegen\u00fcber der L\u00f6sung von Alltagsproblemen Priorit\u00e4t haben.<\/p>\n\n\n\n<p>Genau dies wird zu oft vernachl\u00e4ssigt.<\/p>\n\n\n\n<p>Solides strategisches Planen geht im Alltag unter, wenn st\u00e4ndiges Spontan-Management alles Handeln diktiert. Die gerade Linie geht verloren. Objektives strategisches Planen verbessert die Potenziale f\u00fcr das Unternehmen. Eine gute Strategie baut die Marktst\u00e4rke eines Unternehmens auf, eine schlechte f\u00fchrt dazu, dass jeden Tag ein paar Probleme hinzukommen!<\/p>\n\n\n\n<div style=\"height:5px\" aria-hidden=\"true\" class=\"wp-block-spacer\"><\/div>\n\n\n\n<p><strong>Wenn sich Indikatoren zeigen, wie<\/strong>&#8230;<\/p>\n\n\n\n<ul class=\"wp-block-list\">\n<li>zu viel direkter Wettbewerb<\/li>\n\n\n\n<li>Preise schlecht durchsetzbar<\/li>\n\n\n\n<li>technologisch im Hintertreffen<\/li>\n\n\n\n<li>was wir leisten, k\u00f6nnen andere auch<\/li>\n\n\n\n<li>Kundengewinnung zu anstrengend<\/li>\n\n\n\n<li>Funke springt zu wenig r\u00fcber<\/li>\n\n\n\n<li>notwendige Investitionen finanziell nicht machbar<\/li>\n<\/ul>\n\n\n\n<p><strong>&#8230;ist es Zeit, die Strategie zu \u00fcberdenken.<\/strong><\/p>\n\n\n\n<div style=\"height:5px\" aria-hidden=\"true\" class=\"wp-block-spacer\"><\/div>\n\n\n\n<p><strong>Unsere Workshops machen Chancen und notwendige strategische Ma\u00dfnahmen sichtbar!<\/strong><\/p>\n\n\n\n<p style=\"font-size:clamp(0.875rem, 0.875rem + ((1vw - 0.2rem) * 0.542), 1.2rem);line-height:1\"><\/p>\n\n\n\n<div style=\"height:50px\" aria-hidden=\"true\" class=\"wp-block-spacer\"><\/div>\n<\/div>\n\n\n\n<div class=\"wp-block-column is-vertically-aligned-center has-base-2-background-color has-background is-layout-flow wp-container-core-column-is-layout-5d34ad53 wp-block-column-is-layout-flow\" style=\"padding-top:1.3rem;padding-right:var(--wp--preset--spacing--30);padding-bottom:1.3rem;padding-left:var(--wp--preset--spacing--20);flex-basis:25%\">\n<figure class=\"wp-block-image alignright size-large is-resized\"><a href=\"https:\/\/nice-solomon.92-205-128-223.plesk.page\/8-x-chancen\/\" target=\"_blank\" rel=\"noreferrer noopener\"><img loading=\"lazy\" decoding=\"async\" width=\"721\" height=\"1024\" src=\"https:\/\/mystifying-goldberg.92-205-128-223.plesk.page\/wp-content\/uploads\/2024\/09\/10_Web-Marketing-Buch-2023_Cover-min-721x1024.png\" alt=\"\" class=\"wp-image-262\" style=\"width:150px\" srcset=\"https:\/\/mystifying-goldberg.92-205-128-223.plesk.page\/wp-content\/uploads\/2024\/09\/10_Web-Marketing-Buch-2023_Cover-min-721x1024.png 721w, https:\/\/mystifying-goldberg.92-205-128-223.plesk.page\/wp-content\/uploads\/2024\/09\/10_Web-Marketing-Buch-2023_Cover-min-211x300.png 211w, https:\/\/mystifying-goldberg.92-205-128-223.plesk.page\/wp-content\/uploads\/2024\/09\/10_Web-Marketing-Buch-2023_Cover-min-768x1091.png 768w, https:\/\/mystifying-goldberg.92-205-128-223.plesk.page\/wp-content\/uploads\/2024\/09\/10_Web-Marketing-Buch-2023_Cover-min-1082x1536.png 1082w, https:\/\/mystifying-goldberg.92-205-128-223.plesk.page\/wp-content\/uploads\/2024\/09\/10_Web-Marketing-Buch-2023_Cover-min-1442x2048.png 1442w\" sizes=\"auto, (max-width: 721px) 100vw, 721px\" \/><\/a><\/figure>\n\n\n\n<figure class=\"wp-block-image alignright size-large is-resized\"><a href=\"https:\/\/nice-solomon.92-205-128-223.plesk.page\/brennpunkt-strategie\/\" target=\"_blank\" rel=\"noreferrer noopener\"><img loading=\"lazy\" decoding=\"async\" width=\"653\" height=\"1024\" src=\"https:\/\/mystifying-goldberg.92-205-128-223.plesk.page\/wp-content\/uploads\/2024\/09\/11_Web-Strategie-Cover-653x1024.jpg\" alt=\"\" class=\"wp-image-261\" style=\"width:150px\" srcset=\"https:\/\/mystifying-goldberg.92-205-128-223.plesk.page\/wp-content\/uploads\/2024\/09\/11_Web-Strategie-Cover-653x1024.jpg 653w, https:\/\/mystifying-goldberg.92-205-128-223.plesk.page\/wp-content\/uploads\/2024\/09\/11_Web-Strategie-Cover-191x300.jpg 191w, https:\/\/mystifying-goldberg.92-205-128-223.plesk.page\/wp-content\/uploads\/2024\/09\/11_Web-Strategie-Cover-768x1205.jpg 768w, https:\/\/mystifying-goldberg.92-205-128-223.plesk.page\/wp-content\/uploads\/2024\/09\/11_Web-Strategie-Cover-979x1536.jpg 979w, https:\/\/mystifying-goldberg.92-205-128-223.plesk.page\/wp-content\/uploads\/2024\/09\/11_Web-Strategie-Cover-1305x2048.jpg 1305w, https:\/\/mystifying-goldberg.92-205-128-223.plesk.page\/wp-content\/uploads\/2024\/09\/11_Web-Strategie-Cover.jpg 1628w\" sizes=\"auto, (max-width: 653px) 100vw, 653px\" \/><\/a><\/figure>\n<\/div>\n<\/div>\n\n\n\n<p><\/p>\n","protected":false},"excerpt":{"rendered":"<p>Strategie Die Zukunft im Visier Strategie muss gegen\u00fcber der L\u00f6sung von Alltagsproblemen Priorit\u00e4t haben. Genau dies wird zu oft vernachl\u00e4ssigt. Solides strategisches Planen geht im Alltag unter, wenn st\u00e4ndiges Spontan-Management alles Handeln diktiert. Die gerade Linie geht verloren. Objektives strategisches Planen verbessert die Potenziale f\u00fcr das Unternehmen. Eine gute Strategie baut die Marktst\u00e4rke eines Unternehmens [&hellip;]<\/p>\n","protected":false},"author":1,"featured_media":102,"parent":0,"menu_order":0,"comment_status":"closed","ping_status":"closed","template":"","meta":{"footnotes":""},"class_list":["post-15","page","type-page","status-publish","has-post-thumbnail","hentry"],"_links":{"self":[{"href":"https:\/\/mystifying-goldberg.92-205-128-223.plesk.page\/index.php\/wp-json\/wp\/v2\/pages\/15","targetHints":{"allow":["GET"]}}],"collection":[{"href":"https:\/\/mystifying-goldberg.92-205-128-223.plesk.page\/index.php\/wp-json\/wp\/v2\/pages"}],"about":[{"href":"https:\/\/mystifying-goldberg.92-205-128-223.plesk.page\/index.php\/wp-json\/wp\/v2\/types\/page"}],"author":[{"embeddable":true,"href":"https:\/\/mystifying-goldberg.92-205-128-223.plesk.page\/index.php\/wp-json\/wp\/v2\/users\/1"}],"replies":[{"embeddable":true,"href":"https:\/\/mystifying-goldberg.92-205-128-223.plesk.page\/index.php\/wp-json\/wp\/v2\/comments?post=15"}],"version-history":[{"count":44,"href":"https:\/\/mystifying-goldberg.92-205-128-223.plesk.page\/index.php\/wp-json\/wp\/v2\/pages\/15\/revisions"}],"predecessor-version":[{"id":518,"href":"https:\/\/mystifying-goldberg.92-205-128-223.plesk.page\/index.php\/wp-json\/wp\/v2\/pages\/15\/revisions\/518"}],"wp:featuredmedia":[{"embeddable":true,"href":"https:\/\/mystifying-goldberg.92-205-128-223.plesk.page\/index.php\/wp-json\/wp\/v2\/media\/102"}],"wp:attachment":[{"href":"https:\/\/mystifying-goldberg.92-205-128-223.plesk.page\/index.php\/wp-json\/wp\/v2\/media?parent=15"}],"curies":[{"name":"wp","href":"https:\/\/api.w.org\/{rel}","templated":true}]}}