{"id":18,"date":"2024-05-14T17:33:58","date_gmt":"2024-05-14T17:33:58","guid":{"rendered":"https:\/\/mystifying-goldberg.92-205-128-223.plesk.page\/?page_id=18"},"modified":"2025-07-27T22:20:22","modified_gmt":"2025-07-27T22:20:22","slug":"organisation","status":"publish","type":"page","link":"https:\/\/mystifying-goldberg.92-205-128-223.plesk.page\/index.php\/organisation\/","title":{"rendered":"Organisation"},"content":{"rendered":"\n<div class=\"wp-block-columns links-home customsection is-layout-flex wp-container-core-columns-is-layout-28f84493 wp-block-columns-is-layout-flex\">\n<div class=\"wp-block-column is-layout-flow wp-container-core-column-is-layout-3d3ccf45 wp-block-column-is-layout-flow\" style=\"padding-top:var(--wp--preset--spacing--10);padding-bottom:var(--wp--preset--spacing--10);flex-basis:26.67%\">\n<p style=\"font-size:clamp(1.25rem, 1.25rem + ((1vw - 0.2rem) * 1.25), 2rem);font-style:normal;font-weight:600\">Organisation<\/p>\n\n\n\n<p>Das Ziel im Kalk\u00fcl<\/p>\n\n\n\n<div style=\"height:40px\" aria-hidden=\"true\" class=\"wp-block-spacer\"><\/div>\n\n\n\n<figure class=\"wp-block-image size-large is-resized\"><img loading=\"lazy\" decoding=\"async\" width=\"1024\" height=\"457\" src=\"https:\/\/mystifying-goldberg.92-205-128-223.plesk.page\/wp-content\/uploads\/2024\/08\/Grafiken-Homepage_Striche_2_trans-1024x457.png\" alt=\"\" class=\"wp-image-226\" style=\"width:150px\" srcset=\"https:\/\/mystifying-goldberg.92-205-128-223.plesk.page\/wp-content\/uploads\/2024\/08\/Grafiken-Homepage_Striche_2_trans-1024x457.png 1024w, https:\/\/mystifying-goldberg.92-205-128-223.plesk.page\/wp-content\/uploads\/2024\/08\/Grafiken-Homepage_Striche_2_trans-300x134.png 300w, https:\/\/mystifying-goldberg.92-205-128-223.plesk.page\/wp-content\/uploads\/2024\/08\/Grafiken-Homepage_Striche_2_trans-768x343.png 768w, https:\/\/mystifying-goldberg.92-205-128-223.plesk.page\/wp-content\/uploads\/2024\/08\/Grafiken-Homepage_Striche_2_trans-1536x686.png 1536w, https:\/\/mystifying-goldberg.92-205-128-223.plesk.page\/wp-content\/uploads\/2024\/08\/Grafiken-Homepage_Striche_2_trans.png 1596w\" sizes=\"auto, (max-width: 1024px) 100vw, 1024px\" \/><\/figure>\n<\/div>\n\n\n\n<div class=\"wp-block-column is-layout-flow wp-block-column-is-layout-flow\" style=\"padding-top:23px;padding-bottom:23px;flex-basis:50%\">\n<p>Ein Mangel an Koordination f\u00fchrt zu Fehlern. Und wo Fehler passieren, m\u00fcssen sie auch wieder in Ordnung gebracht werden. So entsteht Zeitdruck. So sieht bei unzureichender Organisation der steinige Weg zu Ergebnissen aus. So zeigt sich der Alltag.<\/p>\n\n\n\n<p>Passende Organisation und Ordnung, die von allen getragen wird, muss die Pr\u00e4misse sein, um Geplantes zeitgerecht umsetzen und Ziele erreichen zu k\u00f6nnen. Das Arbeiten mit verteilten Rollen verlangt, dass die Schnittstellen extrem gut definiert sind und trotzdem nicht zum Korsett werden.<\/p>\n\n\n\n<p>Funktionieren die Abl\u00e4ufe nicht optimal und werden zu viele Fehler gemacht, dann sind Vorgesetzte nur allzu schnell mit wenig motivierenden Kommentaren zur Stelle.<\/p>\n\n\n\n<p>Am besten w\u00e4ren b\u00fcrokratiefreie Organisation und Koordination. Da w\u00fcrde das ganze Team profitieren!<\/p>\n\n\n\n<div style=\"height:20px\" aria-hidden=\"true\" class=\"wp-block-spacer\"><\/div>\n\n\n\n<p style=\"font-size:clamp(0.875rem, 0.875rem + ((1vw - 0.2rem) * 0.542), 1.2rem);line-height:1.5\"><strong>Solide organisatorische Strukturen sind Einflussgr\u00f6\u00dfen auf den Abbau von Fehlerquote, Stress und Frustration.<\/strong><\/p>\n\n\n\n<div style=\"height:20px\" aria-hidden=\"true\" class=\"wp-block-spacer\"><\/div>\n\n\n\n<p><strong>Einige typische Indikatoren f\u00fcr eine schwache Organisation:<\/strong><\/p>\n\n\n\n<ul class=\"wp-block-list\">\n<li>Arbeiten bzw. Projekte bleiben unfertig<\/li>\n\n\n\n<li>Zust\u00e4ndigkeiten und Schnittstellen sind nicht ganz transparent<\/li>\n\n\n\n<li>Missverst\u00e4ndnisse treten immer wieder auf<\/li>\n\n\n\n<li>Fehler passieren in zu gro\u00dfem Ausma\u00df und in der Folge gibt es unn\u00f6tige Aufw\u00e4nde<\/li>\n\n\n\n<li>Termine werden zu oft nicht eingehalten<\/li>\n\n\n\n<li>Zeit ist nicht unter Kontrolle<\/li>\n<\/ul>\n\n\n\n<div style=\"height:20px\" aria-hidden=\"true\" class=\"wp-block-spacer\"><\/div>\n\n\n\n<p style=\"font-size:clamp(0.875rem, 0.875rem + ((1vw - 0.2rem) * 0.542), 1.2rem);line-height:1\"><strong>Coaching nach Verabredung<\/strong><\/p>\n\n\n\n<p style=\"font-size:clamp(0.875rem, 0.875rem + ((1vw - 0.2rem) * 0.542), 1.2rem);line-height:1\"><\/p>\n\n\n\n<div style=\"height:50px\" aria-hidden=\"true\" class=\"wp-block-spacer\"><\/div>\n<\/div>\n\n\n\n<div class=\"wp-block-column is-vertically-aligned-top has-base-2-background-color has-background is-layout-flow wp-container-core-column-is-layout-5d34ad53 wp-block-column-is-layout-flow\" style=\"padding-top:1.3rem;padding-right:var(--wp--preset--spacing--30);padding-bottom:1.3rem;padding-left:var(--wp--preset--spacing--20);flex-basis:25%\">\n<p class=\"has-base-2-color has-text-color has-background has-link-color wp-elements-49d1405e5b7038e8030f7119d43e0974\" style=\"background-color:#023873;padding-top:var(--wp--preset--spacing--10);padding-right:var(--wp--preset--spacing--10);padding-bottom:var(--wp--preset--spacing--10);padding-left:var(--wp--preset--spacing--10);font-size:clamp(14px, 0.875rem + ((1vw - 3.2px) * 0.104), 15px);text-transform:uppercase\">Planungen Projekte Informationen Berichte Termine Beschaffun Material Kennzahlen Dokumentation Abl\u00e4ufe Schnittstellen Reisen Ergebnisse Disposition Kommunikation Teams Qualit\u00e4tsmanagement Personal Koordination IT Vertr\u00e4ge Kontrolle ISO-Normen Finanzen Datensicherung Statistik Sicherheit Stellenbeschreibungen Regeln Meetings<\/p>\n\n\n\n<p class=\"has-text-color has-link-color wp-elements-549e0cc72106e02c82d84eb8bb0de609\" style=\"color:#023873;padding-top:0;padding-right:var(--wp--preset--spacing--10);padding-bottom:0;padding-left:var(--wp--preset--spacing--10);line-height:1.1\"><strong>Fehler k\u00f6nnen an jeder<br>Stelle im Unternehmen<br>auftreten.<\/strong><\/p>\n<\/div>\n<\/div>\n\n\n\n<p><\/p>\n","protected":false},"excerpt":{"rendered":"<p>Organisation Das Ziel im Kalk\u00fcl Ein Mangel an Koordination f\u00fchrt zu Fehlern. Und wo Fehler passieren, m\u00fcssen sie auch wieder in Ordnung gebracht werden. So entsteht Zeitdruck. So sieht bei unzureichender Organisation der steinige Weg zu Ergebnissen aus. So zeigt sich der Alltag. Passende Organisation und Ordnung, die von allen getragen wird, muss die Pr\u00e4misse [&hellip;]<\/p>\n","protected":false},"author":1,"featured_media":103,"parent":0,"menu_order":0,"comment_status":"closed","ping_status":"closed","template":"","meta":{"footnotes":""},"class_list":["post-18","page","type-page","status-publish","has-post-thumbnail","hentry"],"_links":{"self":[{"href":"https:\/\/mystifying-goldberg.92-205-128-223.plesk.page\/index.php\/wp-json\/wp\/v2\/pages\/18","targetHints":{"allow":["GET"]}}],"collection":[{"href":"https:\/\/mystifying-goldberg.92-205-128-223.plesk.page\/index.php\/wp-json\/wp\/v2\/pages"}],"about":[{"href":"https:\/\/mystifying-goldberg.92-205-128-223.plesk.page\/index.php\/wp-json\/wp\/v2\/types\/page"}],"author":[{"embeddable":true,"href":"https:\/\/mystifying-goldberg.92-205-128-223.plesk.page\/index.php\/wp-json\/wp\/v2\/users\/1"}],"replies":[{"embeddable":true,"href":"https:\/\/mystifying-goldberg.92-205-128-223.plesk.page\/index.php\/wp-json\/wp\/v2\/comments?post=18"}],"version-history":[{"count":30,"href":"https:\/\/mystifying-goldberg.92-205-128-223.plesk.page\/index.php\/wp-json\/wp\/v2\/pages\/18\/revisions"}],"predecessor-version":[{"id":584,"href":"https:\/\/mystifying-goldberg.92-205-128-223.plesk.page\/index.php\/wp-json\/wp\/v2\/pages\/18\/revisions\/584"}],"wp:featuredmedia":[{"embeddable":true,"href":"https:\/\/mystifying-goldberg.92-205-128-223.plesk.page\/index.php\/wp-json\/wp\/v2\/media\/103"}],"wp:attachment":[{"href":"https:\/\/mystifying-goldberg.92-205-128-223.plesk.page\/index.php\/wp-json\/wp\/v2\/media?parent=18"}],"curies":[{"name":"wp","href":"https:\/\/api.w.org\/{rel}","templated":true}]}}