{"id":509,"date":"2025-06-27T13:47:31","date_gmt":"2025-06-27T13:47:31","guid":{"rendered":"https:\/\/mystifying-goldberg.92-205-128-223.plesk.page\/?page_id=509"},"modified":"2025-07-27T22:33:52","modified_gmt":"2025-07-27T22:33:52","slug":"ueber-uns_2","status":"publish","type":"page","link":"https:\/\/mystifying-goldberg.92-205-128-223.plesk.page\/index.php\/ueber-uns_2\/","title":{"rendered":"\u00dcber uns_2"},"content":{"rendered":"\n<div class=\"wp-block-columns links-home customsection is-layout-flex wp-container-core-columns-is-layout-28f84493 wp-block-columns-is-layout-flex\">\n<div class=\"wp-block-column is-layout-flow wp-block-column-is-layout-flow\" style=\"padding-top:var(--wp--preset--spacing--10);padding-bottom:var(--wp--preset--spacing--10);flex-basis:26.67%\">\n<p style=\"font-size:clamp(1.25rem, 1.25rem + ((1vw - 0.2rem) * 1.25), 2rem);font-style:normal;font-weight:600\">\u00dcber uns<\/p>\n<\/div>\n\n\n\n<div class=\"wp-block-column is-layout-flow wp-block-column-is-layout-flow\" style=\"padding-top:23px;padding-bottom:23px;flex-basis:50%\">\n<figure class=\"wp-block-image size-full\"><img loading=\"lazy\" decoding=\"async\" width=\"403\" height=\"266\" src=\"https:\/\/mystifying-goldberg.92-205-128-223.plesk.page\/wp-content\/uploads\/2024\/05\/orlando-consulting-roland.png\" alt=\"\" class=\"wp-image-38\" srcset=\"https:\/\/mystifying-goldberg.92-205-128-223.plesk.page\/wp-content\/uploads\/2024\/05\/orlando-consulting-roland.png 403w, https:\/\/mystifying-goldberg.92-205-128-223.plesk.page\/wp-content\/uploads\/2024\/05\/orlando-consulting-roland-300x198.png 300w\" sizes=\"auto, (max-width: 403px) 100vw, 403px\" \/><\/figure>\n\n\n\n<p><strong>Roland Stahl  \u2013  Unternehmensberater mit technischem Blick und 30 Jahren Erfahrung<\/strong><\/p>\n\n\n\n<p>Roland Stahl studierte Elektrotechnik mit Schwerpunkt Informatik an der Technischen Universit\u00e4t M\u00fcnchen. Fr\u00fch entwickelte er ein starkes Interesse an Planungs-, Organisations- und F\u00fchrungsthemen, insbesondere an der praktischen Umsetzbarkeit in Unternehmen.<\/p>\n\n\n\n<p>Nach Ausbildung in den USA machte er sich 1990 als Unternehmensberater selbstst\u00e4ndig. Mit seinem technischen Hintergrund ber\u00e4t er seit \u00fcber drei Jahrzehnten Unternehmen weltweit \u2013 von Europa \u00fcber die USA bis nach China und Russland. Sein Beratungsstil ist methodisch, l\u00f6sungsorientiert und tief in der Praxis verankert. F\u00fchrungskr\u00e4fte ben\u00f6tigen f\u00fcr wirtschaftliche wie zwischenmenschliche Herausforderungen praxiserprobte Werkzeuge \u2013 so selbstverst\u00e4ndlich wie das Handwerkszeug eines Arztes.<\/p>\n\n\n\n<p>Mit gro\u00dfem Engagement, Effizienz und einem feinen Gesp\u00fcr f\u00fcr Unternehmensstrukturen arbeitet Roland Stahl sich in jedes Mandat tief ein, um nachhaltige Verbesserungen und messbare Ergebnisse f\u00fcr seine Kunden erzielen zu k\u00f6nnen. Gemeinsam mit seinem Team stellt er sicher, dass Strategien nicht nur entwickelt, sondern auch im Unternehmensalltag erfolgreich angewendet werden.<\/p>\n\n\n\n<p>Ob Strategie, Organisation oder F\u00fchrung: Roland Stahl liefert Werkzeuge, die im Unternehmensalltag funktionieren. Mit Effizienz, Fingerspitzengef\u00fchl und einem klaren Fokus auf messbare Ergebnisse sorgt er gemeinsam mit seinem Team f\u00fcr nachhaltige Verbesserungen.<\/p>\n<\/div>\n\n\n\n<div class=\"wp-block-column is-layout-flow wp-container-core-column-is-layout-cc358d9c wp-block-column-is-layout-flow\" style=\"padding-top:1.3rem;padding-right:var(--wp--preset--spacing--30);padding-bottom:1.3rem;padding-left:var(--wp--preset--spacing--20);flex-basis:25%\"><\/div>\n<\/div>\n","protected":false},"excerpt":{"rendered":"<p>\u00dcber uns Roland Stahl \u2013 Unternehmensberater mit technischem Blick und 30 Jahren Erfahrung Roland Stahl studierte Elektrotechnik mit Schwerpunkt Informatik an der Technischen Universit\u00e4t M\u00fcnchen. Fr\u00fch entwickelte er ein starkes Interesse an Planungs-, Organisations- und F\u00fchrungsthemen, insbesondere an der praktischen Umsetzbarkeit in Unternehmen. Nach Ausbildung in den USA machte er sich 1990 als Unternehmensberater selbstst\u00e4ndig. [&hellip;]<\/p>\n","protected":false},"author":3,"featured_media":0,"parent":0,"menu_order":0,"comment_status":"closed","ping_status":"closed","template":"","meta":{"footnotes":""},"class_list":["post-509","page","type-page","status-publish","hentry"],"_links":{"self":[{"href":"https:\/\/mystifying-goldberg.92-205-128-223.plesk.page\/index.php\/wp-json\/wp\/v2\/pages\/509","targetHints":{"allow":["GET"]}}],"collection":[{"href":"https:\/\/mystifying-goldberg.92-205-128-223.plesk.page\/index.php\/wp-json\/wp\/v2\/pages"}],"about":[{"href":"https:\/\/mystifying-goldberg.92-205-128-223.plesk.page\/index.php\/wp-json\/wp\/v2\/types\/page"}],"author":[{"embeddable":true,"href":"https:\/\/mystifying-goldberg.92-205-128-223.plesk.page\/index.php\/wp-json\/wp\/v2\/users\/3"}],"replies":[{"embeddable":true,"href":"https:\/\/mystifying-goldberg.92-205-128-223.plesk.page\/index.php\/wp-json\/wp\/v2\/comments?post=509"}],"version-history":[{"count":4,"href":"https:\/\/mystifying-goldberg.92-205-128-223.plesk.page\/index.php\/wp-json\/wp\/v2\/pages\/509\/revisions"}],"predecessor-version":[{"id":585,"href":"https:\/\/mystifying-goldberg.92-205-128-223.plesk.page\/index.php\/wp-json\/wp\/v2\/pages\/509\/revisions\/585"}],"wp:attachment":[{"href":"https:\/\/mystifying-goldberg.92-205-128-223.plesk.page\/index.php\/wp-json\/wp\/v2\/media?parent=509"}],"curies":[{"name":"wp","href":"https:\/\/api.w.org\/{rel}","templated":true}]}}