{"id":538,"date":"2025-06-27T22:06:25","date_gmt":"2025-06-27T22:06:25","guid":{"rendered":"https:\/\/mystifying-goldberg.92-205-128-223.plesk.page\/?page_id=538"},"modified":"2025-08-30T14:12:00","modified_gmt":"2025-08-30T14:12:00","slug":"willkommen_2","status":"publish","type":"page","link":"https:\/\/mystifying-goldberg.92-205-128-223.plesk.page\/","title":{"rendered":"Willkommen_2"},"content":{"rendered":"\n<div class=\"wp-block-columns links-home customsection calibri_font is-layout-flex wp-container-core-columns-is-layout-28f84493 wp-block-columns-is-layout-flex\">\n<div class=\"wp-block-column is-layout-flow wp-block-column-is-layout-flow\" style=\"padding-top:var(--wp--preset--spacing--10);padding-bottom:var(--wp--preset--spacing--10);flex-basis:26.67%\">\n<p style=\"font-size:clamp(1.25rem, 1.25rem + ((1vw - 0.2rem) * 1.25), 2rem);font-style:normal;font-weight:600\"><\/p>\n<\/div>\n\n\n\n<div class=\"wp-block-column is-layout-flow wp-block-column-is-layout-flow\" style=\"padding-top:24px;padding-bottom:24px;flex-basis:50%\">\n<p class=\"has-large-font-size\"><strong>Wachstum, das wirkt \u2013 mit Strategie, Struktur und einem L\u00e4cheln<\/strong><\/p>\n<\/div>\n\n\n\n<div class=\"wp-block-column is-layout-flow wp-container-core-column-is-layout-8a18ec3d wp-block-column-is-layout-flow\" style=\"padding-top:1.3rem;padding-right:var(--wp--preset--spacing--30);padding-bottom:1.3rem;padding-left:var(--wp--preset--spacing--20);flex-basis:25%\"><\/div>\n<\/div>\n\n\n\n<div class=\"wp-block-columns links-home customsection calibri_font is-layout-flex wp-container-core-columns-is-layout-28f84493 wp-block-columns-is-layout-flex\">\n<div class=\"wp-block-column is-layout-flow wp-block-column-is-layout-flow\" style=\"padding-top:var(--wp--preset--spacing--10);padding-bottom:var(--wp--preset--spacing--10);flex-basis:26.67%\">\n<p style=\"font-size:clamp(1.25rem, 1.25rem + ((1vw - 0.2rem) * 1.25), 2rem);font-style:normal;font-weight:600\">Strategie<\/p>\n\n\n\n<p style=\"margin-top:0;margin-bottom:0\">Die Zukunft im Visier<\/p>\n\n\n\n<p style=\"font-size:clamp(1.25rem, 1.25rem + ((1vw - 0.2rem) * 1.25), 2rem);font-style:normal;font-weight:600\"><img loading=\"lazy\" decoding=\"async\" width=\"150\" height=\"106\" class=\"wp-image-576\" style=\"width: 150px;\" src=\"https:\/\/mystifying-goldberg.92-205-128-223.plesk.page\/wp-content\/uploads\/2025\/07\/falke1.png\" alt=\"\"><\/p>\n<\/div>\n\n\n\n<div class=\"wp-block-column is-layout-flow wp-block-column-is-layout-flow\" style=\"padding-top:24px;padding-bottom:24px;flex-basis:50%\">\n<p>Die Unternehmensstrategie hat Priorit\u00e4t gegen\u00fcber L\u00f6sungen zu den Alltagsproblemen.<\/p>\n\n\n\n<p>Sie ist f\u00fcr gesunde Nachfrage verantwortlich.<\/p>\n\n\n\n<p>Eine gute Strategie baut die St\u00e4rke eines Unternehmens auf, eine schlechte f\u00fchrt dazu, dass jeden Tag ein paar Probleme hinzukommen!<\/p>\n\n\n\n<p>Wo st\u00e4ndiges Spontan-Management alles Handeln diktiert, fehlt solides strategisches Planen.<\/p>\n\n\n\n<p><a href=\"https:\/\/mystifying-goldberg.92-205-128-223.plesk.page\/index.php\/strategieplanung\/\">mehr<\/a><\/p>\n\n\n\n<p>Objektives strategisches Planen verbessert die Potenziale f\u00fcr das Unternehmen. Es schafft Zukunft. Sind die Potenziale ermittelt und ist die Richtung sichtbar stimmig, kann Marketing darauf aufbauen und effektiv werden.<\/p>\n\n\n\n<p>Um Dynamik und Schlagkraft des Unternehmens sicherzustellen, will also die Strategie, und nicht nur das Marketing, regelm\u00e4\u00dfig aktualisiert werden.<\/p>\n\n\n\n<p><strong>Wenn sich Indikatoren zeigen, wie<\/strong>\u2026<\/p>\n\n\n\n<ul class=\"wp-block-list\">\n<li>zu viel direkter Wettbewerb<\/li>\n\n\n\n<li>Preise schlecht durchsetzbar<\/li>\n\n\n\n<li>was wir leisten, k\u00f6nnen andere auch<\/li>\n\n\n\n<li>Kundengewinnung zu anstrengend<\/li>\n\n\n\n<li>technologisch im Hintertreffen<\/li>\n\n\n\n<li>Funke springt zu wenig \u00fcber<\/li>\n<\/ul>\n\n\n\n<p><strong>\u2026ist es Zeit, die Strategie kritisch zu \u00fcberdenken.<\/strong><\/p>\n\n\n\n<p><strong>Unsere Workshops machen Chancen und notwendige strategische Ma\u00dfnahmen sichtbar!<\/strong><\/p>\n\n\n\n<p><a href=\"https:\/\/mystifying-goldberg.92-205-128-223.plesk.page\/index.php\/strategieplanung\/\">mehr<\/a><\/p>\n<\/div>\n\n\n\n<div class=\"wp-block-column is-layout-flow wp-container-core-column-is-layout-8a18ec3d wp-block-column-is-layout-flow\" style=\"padding-top:1.3rem;padding-right:var(--wp--preset--spacing--30);padding-bottom:1.3rem;padding-left:var(--wp--preset--spacing--20);flex-basis:25%\"><\/div>\n<\/div>\n\n\n\n<div class=\"wp-block-columns links-home customsection calibri_font is-layout-flex wp-container-core-columns-is-layout-28f84493 wp-block-columns-is-layout-flex\">\n<div class=\"wp-block-column is-layout-flow wp-block-column-is-layout-flow\" style=\"padding-top:var(--wp--preset--spacing--10);padding-bottom:var(--wp--preset--spacing--10);flex-basis:26.67%\">\n<p style=\"font-size:clamp(1.25rem, 1.25rem + ((1vw - 0.2rem) * 1.25), 2rem);font-style:normal;font-weight:600\"><strong>Organisation<\/strong><\/p>\n\n\n\n<p style=\"margin-top:0;margin-bottom:0\">Meisterhafte Koordination<br>und das Ziel im Kalk\u00fcl<\/p>\n\n\n\n<p style=\"font-size:clamp(1.25rem, 1.25rem + ((1vw - 0.2rem) * 1.25), 2rem);font-style:normal;font-weight:600\"><img loading=\"lazy\" decoding=\"async\" width=\"150\" height=\"102\" class=\"wp-image-579\" style=\"width: 150px;\" src=\"https:\/\/mystifying-goldberg.92-205-128-223.plesk.page\/wp-content\/uploads\/2025\/07\/zugvoegel1.png\" alt=\"\"><\/p>\n<\/div>\n\n\n\n<div class=\"wp-block-column is-layout-flow wp-block-column-is-layout-flow\" style=\"padding-top:24px;padding-bottom:24px;flex-basis:50%\">\n<p>Mangel an Koordination f\u00fchrt zu mehr Fehlern. Und wo Fehler passieren, m\u00fcssen sie auch in Ordnung gebracht werden. So entsteht Zeitdruck und \u00c4rger. Und so sieht bei unzureichender Organisation der steinige Weg zu Ergebnissen aus.<\/p>\n\n\n\n<p><a href=\"https:\/\/mystifying-goldberg.92-205-128-223.plesk.page\/index.php\/organisation\/\">mehr<\/a><\/p>\n\n\n\n<p>Passende Organisation und Ordnung, die von allen getragen wird, muss <s>die<\/s> Pr\u00e4misse sein, um Geplantes zeitgerecht umsetzen und Ziele erreichen zu k\u00f6nnen.<\/p>\n\n\n\n<p>Das Arbeiten in verteilten Rollen verlangt, dass die Schnittstellen extrem gut definiert sind und trotzdem auf keinen Fall zum Korsett werden.<\/p>\n\n\n\n<p>Vers\u00e4umnisse in der Organisation sind auch ansteckend. Sie verbreiten sich. Unordnung sowie der Mangel an Vorw\u00e4rts-Pusch bauen sich auf.&nbsp;<\/p>\n\n\n\n<p>Funktionieren die Abl\u00e4ufe nicht optimal, resultiert das in Fehlern. Vorgesetzte \u00e4u\u00dfern sich dann nur allzu schnell mit wenig motivierenden und hilfreichen Kommentaren.<\/p>\n\n\n\n<p><strong>Mit passenden und soliden<\/strong><strong> organisatorischen Strukturen und Techniken helfen wir Ihnen, St\u00f6rungen in den Abl\u00e4ufen abzubauen.<\/strong><\/p>\n\n\n\n<p><strong>Einige typische Indikatoren f\u00fcr eine schwache Organisation:<\/strong><\/p>\n\n\n\n<ul class=\"wp-block-list\">\n<li>Arbeiten bzw. Projekte bleiben unfertig.<\/li>\n\n\n\n<li>Zust\u00e4ndigkeiten und Schnittstellen sind nicht ausreichend transparent.<\/li>\n\n\n\n<li>Immer wieder treten Missverst\u00e4ndnisse auf.<\/li>\n\n\n\n<li>Fehler passieren in zu gro\u00dfem Ausma\u00df. Sie machen unn\u00f6tige Aufw\u00e4nde notwendig.<\/li>\n\n\n\n<li>Termine werden zu oft nicht eingehalten.<\/li>\n\n\n\n<li>Zeit ist nicht unter Kontrolle.<\/li>\n<\/ul>\n\n\n\n<p><strong>Seminar: \u201eErfolgreiche Organisation unter dem Gesichtspunkt der Motivation\u201c<\/strong><\/p>\n\n\n\n<p>2 Tage \u2013 nach Vorank\u00fcndigung oder nach Vereinbarung<\/p>\n\n\n\n<p><strong>oder Coaching nach Vereinbarung<\/strong><\/p>\n\n\n\n<p><\/p>\n<\/div>\n\n\n\n<div class=\"wp-block-column is-layout-flow wp-container-core-column-is-layout-8a18ec3d wp-block-column-is-layout-flow\" style=\"padding-top:1.3rem;padding-right:var(--wp--preset--spacing--30);padding-bottom:1.3rem;padding-left:var(--wp--preset--spacing--20);flex-basis:25%\"><\/div>\n<\/div>\n\n\n\n<div class=\"wp-block-columns links-home customsection calibri_font is-layout-flex wp-container-core-columns-is-layout-28f84493 wp-block-columns-is-layout-flex\">\n<div class=\"wp-block-column is-layout-flow wp-block-column-is-layout-flow\" style=\"padding-top:var(--wp--preset--spacing--10);padding-bottom:var(--wp--preset--spacing--10);flex-basis:26.67%\">\n<p style=\"font-size:clamp(1.25rem, 1.25rem + ((1vw - 0.2rem) * 1.25), 2rem);font-style:normal;font-weight:600\"><strong>Motivation<\/strong><\/p>\n\n\n\n<p style=\"margin-top:0;margin-bottom:0\">Schulterschluss &#8211; die Seele des Erfolgs<\/p>\n\n\n\n<p style=\"font-size:clamp(1.25rem, 1.25rem + ((1vw - 0.2rem) * 1.25), 2rem);font-style:normal;font-weight:600\"><img loading=\"lazy\" decoding=\"async\" width=\"150\" height=\"85\" class=\"wp-image-580\" style=\"width: 150px;\" src=\"https:\/\/mystifying-goldberg.92-205-128-223.plesk.page\/wp-content\/uploads\/2025\/07\/elefanten1.png\" alt=\"\"><\/p>\n<\/div>\n\n\n\n<div class=\"wp-block-column is-layout-flow wp-block-column-is-layout-flow\" style=\"padding-top:24px;padding-bottom:24px;flex-basis:50%\">\n<p>Motivation ist eigenes pers\u00f6nliches Interesse, Dinge zustande zu bringen! Sie kann nicht aus falscher Beeinflussung entstehen und sie l\u00e4sst sich auch nicht diktieren.<\/p>\n\n\n\n<p>Leider macht die Motivation gelegentlich schlapp!<\/p>\n\n\n\n<p><a href=\"https:\/\/mystifying-goldberg.92-205-128-223.plesk.page\/index.php\/motivation\/\">mehr<\/a><\/p>\n\n\n\n<p>Erfolgreiche Kooperationen gehen in die Binsen, als g\u00e4be es einen unsichtbaren W\u00fcrgegriff. Niemand will es eigentlich \u2013 und doch passiert es gelegentlich.<\/p>\n\n\n\n<p>Also sollten F\u00fchrungskr\u00e4fte die Tools kennen, mit denen sie die Motivation f\u00f6rdern und Ablehnung und Konflikte minimieren k\u00f6nnen. Sie kommen um das Thema Motivation nicht herum.<\/p>\n\n\n\n<p>Dabei m\u00fcssen sie nicht Charismatiker von Geburt sein oder Begeisterung mit dem Zauberstab entfachen k\u00f6nnen, wenn der Motivation auf die Spr\u00fcnge geholfen werden soll.<\/p>\n\n\n\n<p>\u00dcbrigens wird KI in Sachen Motivation bis auf Weiteres kein Helfer sein. KI selbst hat auch kein Interesse!<\/p>\n\n\n\n<p><strong>Sprechen Sie uns an. Motivation im Team ist unser zentrales Anliegen!<\/strong><\/p>\n\n\n\n<p><\/p>\n<\/div>\n\n\n\n<div class=\"wp-block-column is-layout-flow wp-container-core-column-is-layout-8a18ec3d wp-block-column-is-layout-flow\" style=\"padding-top:1.3rem;padding-right:var(--wp--preset--spacing--30);padding-bottom:1.3rem;padding-left:var(--wp--preset--spacing--20);flex-basis:25%\"><\/div>\n<\/div>\n\n\n\n<div style=\"height:20px\" aria-hidden=\"true\" class=\"wp-block-spacer\"><\/div>\n","protected":false},"excerpt":{"rendered":"<p>Wachstum, das wirkt \u2013 mit Strategie, Struktur und einem L\u00e4cheln Strategie Die Zukunft im Visier Die Unternehmensstrategie hat Priorit\u00e4t gegen\u00fcber L\u00f6sungen zu den Alltagsproblemen. Sie ist f\u00fcr gesunde Nachfrage verantwortlich. Eine gute Strategie baut die St\u00e4rke eines Unternehmens auf, eine schlechte f\u00fchrt dazu, dass jeden Tag ein paar Probleme hinzukommen! Wo st\u00e4ndiges Spontan-Management alles Handeln [&hellip;]<\/p>\n","protected":false},"author":3,"featured_media":0,"parent":0,"menu_order":0,"comment_status":"closed","ping_status":"closed","template":"","meta":{"footnotes":""},"class_list":["post-538","page","type-page","status-publish","hentry"],"_links":{"self":[{"href":"https:\/\/mystifying-goldberg.92-205-128-223.plesk.page\/index.php\/wp-json\/wp\/v2\/pages\/538","targetHints":{"allow":["GET"]}}],"collection":[{"href":"https:\/\/mystifying-goldberg.92-205-128-223.plesk.page\/index.php\/wp-json\/wp\/v2\/pages"}],"about":[{"href":"https:\/\/mystifying-goldberg.92-205-128-223.plesk.page\/index.php\/wp-json\/wp\/v2\/types\/page"}],"author":[{"embeddable":true,"href":"https:\/\/mystifying-goldberg.92-205-128-223.plesk.page\/index.php\/wp-json\/wp\/v2\/users\/3"}],"replies":[{"embeddable":true,"href":"https:\/\/mystifying-goldberg.92-205-128-223.plesk.page\/index.php\/wp-json\/wp\/v2\/comments?post=538"}],"version-history":[{"count":13,"href":"https:\/\/mystifying-goldberg.92-205-128-223.plesk.page\/index.php\/wp-json\/wp\/v2\/pages\/538\/revisions"}],"predecessor-version":[{"id":618,"href":"https:\/\/mystifying-goldberg.92-205-128-223.plesk.page\/index.php\/wp-json\/wp\/v2\/pages\/538\/revisions\/618"}],"wp:attachment":[{"href":"https:\/\/mystifying-goldberg.92-205-128-223.plesk.page\/index.php\/wp-json\/wp\/v2\/media?parent=538"}],"curies":[{"name":"wp","href":"https:\/\/api.w.org\/{rel}","templated":true}]}}