{"id":542,"date":"2025-06-27T22:26:52","date_gmt":"2025-06-27T22:26:52","guid":{"rendered":"https:\/\/mystifying-goldberg.92-205-128-223.plesk.page\/?page_id=542"},"modified":"2025-06-27T22:52:47","modified_gmt":"2025-06-27T22:52:47","slug":"impressum_2","status":"publish","type":"page","link":"https:\/\/mystifying-goldberg.92-205-128-223.plesk.page\/index.php\/impressum_2\/","title":{"rendered":"Impressum_2"},"content":{"rendered":"\n<div class=\"wp-block-columns links-home customsection is-layout-flex wp-container-core-columns-is-layout-28f84493 wp-block-columns-is-layout-flex\">\n<div class=\"wp-block-column is-layout-flow wp-block-column-is-layout-flow\" style=\"padding-top:var(--wp--preset--spacing--10);padding-bottom:var(--wp--preset--spacing--10);flex-basis:26.67%\">\n<p style=\"font-size:clamp(1.25rem, 1.25rem + ((1vw - 0.2rem) * 1.25), 2rem);font-style:normal;font-weight:600\">Impressum<\/p>\n<\/div>\n\n\n\n<div class=\"wp-block-column is-layout-flow wp-block-column-is-layout-flow\" style=\"padding-top:20px;padding-bottom:20px;flex-basis:50%\">\n<figure class=\"wp-block-table is-style-stripes\"><table><tbody><tr><td><\/td><td>Orlando Consulting<\/td><\/tr><tr><td>Inhaberin:<\/td><td>Tatjana Stahl<\/td><\/tr><tr><td>Sitz des Unternehmens: <\/td><td>Ameisenbergstr. 41<br>D &#8211; 70188 Stuttgart<\/td><\/tr><tr><td>Telefon: &nbsp;<\/td><td>+49 (0) 711 99 79 73 70<\/td><\/tr><tr><td>E-Mail: &nbsp;&nbsp;&nbsp;&nbsp;&nbsp;&nbsp;<\/td><td><a href=\"mailto:info@business-know-how.de\" data-type=\"mailto\" data-id=\"mailto:info@business-know-how.de\">info@business-know-how.de<\/a><\/td><\/tr><tr><td>Umsatzsteuer-ID:<\/td><td>DE234196499<\/td><\/tr><\/tbody><\/table><\/figure>\n\n\n\n<div style=\"height:20px\" aria-hidden=\"true\" class=\"wp-block-spacer\"><\/div>\n\n\n\n<p>Alternative Streitbeilegung:<br>Die Europ\u00e4ische Kommission stellt eine Plattform f\u00fcr die au\u00dfergerichtliche Online-Streitbeilegung (OS-Plattform) bereit, aufrufbar unter&nbsp;<a href=\"https:\/\/ec.europa.eu\/consumers\/odr\" target=\"_blank\" rel=\"noreferrer noopener\">https:\/\/ec.europa.eu\/odr<\/a><br><br>Wir sind nicht bereit und nicht verpflichtet, an Streitbeilegungsverfahren vor Verbraucherschlichtungsstellen teilzunehmen.<\/p>\n\n\n\n<div style=\"height:20px\" aria-hidden=\"true\" class=\"wp-block-spacer\"><\/div>\n<\/div>\n\n\n\n<div class=\"wp-block-column is-layout-flow wp-container-core-column-is-layout-8a18ec3d wp-block-column-is-layout-flow\" style=\"padding-top:1.3rem;padding-right:var(--wp--preset--spacing--30);padding-bottom:1.3rem;padding-left:var(--wp--preset--spacing--20);flex-basis:25%\"><\/div>\n<\/div>\n","protected":false},"excerpt":{"rendered":"<p>Impressum Orlando Consulting Inhaberin: Tatjana Stahl Sitz des Unternehmens: Ameisenbergstr. 41D &#8211; 70188 Stuttgart Telefon: &nbsp; +49 (0) 711 99 79 73 70 E-Mail: &nbsp;&nbsp;&nbsp;&nbsp;&nbsp;&nbsp; info@business-know-how.de Umsatzsteuer-ID: DE234196499 Alternative Streitbeilegung:Die Europ\u00e4ische Kommission stellt eine Plattform f\u00fcr die au\u00dfergerichtliche Online-Streitbeilegung (OS-Plattform) bereit, aufrufbar unter&nbsp;https:\/\/ec.europa.eu\/odr Wir sind nicht bereit und nicht verpflichtet, an Streitbeilegungsverfahren vor Verbraucherschlichtungsstellen teilzunehmen.<\/p>\n","protected":false},"author":3,"featured_media":0,"parent":0,"menu_order":0,"comment_status":"closed","ping_status":"closed","template":"","meta":{"footnotes":""},"class_list":["post-542","page","type-page","status-publish","hentry"],"_links":{"self":[{"href":"https:\/\/mystifying-goldberg.92-205-128-223.plesk.page\/index.php\/wp-json\/wp\/v2\/pages\/542","targetHints":{"allow":["GET"]}}],"collection":[{"href":"https:\/\/mystifying-goldberg.92-205-128-223.plesk.page\/index.php\/wp-json\/wp\/v2\/pages"}],"about":[{"href":"https:\/\/mystifying-goldberg.92-205-128-223.plesk.page\/index.php\/wp-json\/wp\/v2\/types\/page"}],"author":[{"embeddable":true,"href":"https:\/\/mystifying-goldberg.92-205-128-223.plesk.page\/index.php\/wp-json\/wp\/v2\/users\/3"}],"replies":[{"embeddable":true,"href":"https:\/\/mystifying-goldberg.92-205-128-223.plesk.page\/index.php\/wp-json\/wp\/v2\/comments?post=542"}],"version-history":[{"count":7,"href":"https:\/\/mystifying-goldberg.92-205-128-223.plesk.page\/index.php\/wp-json\/wp\/v2\/pages\/542\/revisions"}],"predecessor-version":[{"id":558,"href":"https:\/\/mystifying-goldberg.92-205-128-223.plesk.page\/index.php\/wp-json\/wp\/v2\/pages\/542\/revisions\/558"}],"wp:attachment":[{"href":"https:\/\/mystifying-goldberg.92-205-128-223.plesk.page\/index.php\/wp-json\/wp\/v2\/media?parent=542"}],"curies":[{"name":"wp","href":"https:\/\/api.w.org\/{rel}","templated":true}]}}